{"id":26,"date":"2016-02-12T08:13:33","date_gmt":"2016-02-12T08:13:33","guid":{"rendered":"http:\/\/demos.famethemes.com\/onepress\/?page_id=26"},"modified":"2023-08-16T06:55:17","modified_gmt":"2023-08-16T04:55:17","slug":"service-title-4","status":"publish","type":"page","link":"https:\/\/twojepompyciepla.pl\/index.php\/service-title-4\/","title":{"rendered":"Serwis"},"content":{"rendered":"\t\t<div data-elementor-type=\"wp-page\" data-elementor-id=\"26\" class=\"elementor elementor-26\">\n\t\t\t\t\t\t\t\t\t<section class=\"elementor-section elementor-top-section elementor-element elementor-element-29cbc7b elementor-section-boxed elementor-section-height-default elementor-section-height-default\" data-id=\"29cbc7b\" data-element_type=\"section\">\n\t\t\t\t\t\t<div class=\"elementor-container elementor-column-gap-default\">\n\t\t\t\t\t<div class=\"elementor-column elementor-col-50 elementor-top-column elementor-element elementor-element-28604e7\" data-id=\"28604e7\" data-element_type=\"column\">\n\t\t\t<div class=\"elementor-widget-wrap elementor-element-populated\">\n\t\t\t\t\t\t\t\t<div class=\"elementor-element elementor-element-4e9fcb0 elementor-widget elementor-widget-image\" data-id=\"4e9fcb0\" data-element_type=\"widget\" data-widget_type=\"image.default\">\n\t\t\t\t<div class=\"elementor-widget-container\">\n\t\t\t<style>\/*! elementor - v3.14.0 - 26-06-2023 *\/\n.elementor-widget-image{text-align:center}.elementor-widget-image a{display:inline-block}.elementor-widget-image a img[src$=\".svg\"]{width:48px}.elementor-widget-image img{vertical-align:middle;display:inline-block}<\/style>\t\t\t\t\t\t\t\t\t\t\t\t<img loading=\"lazy\" decoding=\"async\" width=\"480\" height=\"300\" src=\"https:\/\/twojepompyciepla.pl\/wp-content\/uploads\/2023\/07\/Panasonic-WH-MDC07J3E5-Wiazowna-5-480x300.jpeg\" class=\"attachment-onepress-small size-onepress-small wp-image-1726\" alt=\"Panasonic WH- MDC07J3E5 - Wi\u0105zowna 5\" srcset=\"https:\/\/twojepompyciepla.pl\/wp-content\/uploads\/2023\/07\/Panasonic-WH-MDC07J3E5-Wiazowna-5-480x300.jpeg 480w, https:\/\/twojepompyciepla.pl\/wp-content\/uploads\/2023\/07\/Panasonic-WH-MDC07J3E5-Wiazowna-5-640x400.jpeg 640w\" sizes=\"auto, (max-width: 480px) 100vw, 480px\" \/>\t\t\t\t\t\t\t\t\t\t\t\t\t\t\t<\/div>\n\t\t\t\t<\/div>\n\t\t\t\t\t<\/div>\n\t\t<\/div>\n\t\t\t\t<div class=\"elementor-column elementor-col-50 elementor-top-column elementor-element elementor-element-cd1306d\" data-id=\"cd1306d\" data-element_type=\"column\">\n\t\t\t<div class=\"elementor-widget-wrap elementor-element-populated\">\n\t\t\t\t\t\t\t\t<div class=\"elementor-element elementor-element-5b0548d5 elementor-widget elementor-widget-text-editor\" data-id=\"5b0548d5\" data-element_type=\"widget\" data-widget_type=\"text-editor.default\">\n\t\t\t\t<div class=\"elementor-widget-container\">\n\t\t\t<style>\/*! elementor - v3.14.0 - 26-06-2023 *\/\n.elementor-widget-text-editor.elementor-drop-cap-view-stacked .elementor-drop-cap{background-color:#69727d;color:#fff}.elementor-widget-text-editor.elementor-drop-cap-view-framed .elementor-drop-cap{color:#69727d;border:3px solid;background-color:transparent}.elementor-widget-text-editor:not(.elementor-drop-cap-view-default) .elementor-drop-cap{margin-top:8px}.elementor-widget-text-editor:not(.elementor-drop-cap-view-default) .elementor-drop-cap-letter{width:1em;height:1em}.elementor-widget-text-editor .elementor-drop-cap{float:left;text-align:center;line-height:1;font-size:50px}.elementor-widget-text-editor .elementor-drop-cap-letter{display:inline-block}<\/style>\t\t\t\t<p><strong>Masz problem z pomp\u0105 ciep\u0142a lub klimatyzacj\u0105?\u00a0<\/strong>Nie mo\u017cesz znale\u017a\u0107 firmy, kt\u00f3ra je naprawi? Kolejni fachowcy przyje\u017cd\u017caj\u0105, ale nadal nie mog\u0105 znale\u017a\u0107 \u017ar\u00f3d\u0142a problem\u00f3w? Zle\u0107 nam serwis lub monta\u017c instalacji od zera na Twoim sprz\u0119cie!<\/p><p>Podejmujemy si\u0119 instalacji z do\u0142\u0105czeniem kot\u0142a gazowego\/na pelet, pod\u0142\u0105czeniem solarnym czy po\u0142\u0105czeniem basenowym. Znamy si\u0119 na swojej pracy. Posiadamy akredytacje wiod\u0105cych producent\u00f3w i pozostajemy w sta\u0142ym kontakcie z ich dzia\u0142ami technicznymi.\u00a0<\/p><p><strong>Nie ma dla nas instalacji nie zrobienia!<\/strong><\/p><p>Jeste\u015bmy rzetelni i terminowi, o czym mog\u0105 za\u015bwiadczy\u0107 nasi klienci oraz firmy, z kt\u00f3rymi wsp\u00f3\u0142pracowali\u015bmy. Nie zapominamy o nich, a utrzymujemy sta\u0142y kontakt \u2013 tak\u017ce po zamontowaniu urz\u0105dzenia.<\/p>\t\t\t\t\t\t<\/div>\n\t\t\t\t<\/div>\n\t\t\t\t\t<\/div>\n\t\t<\/div>\n\t\t\t\t\t\t\t<\/div>\n\t\t<\/section>\n\t\t\t\t<section class=\"elementor-section elementor-top-section elementor-element elementor-element-13efcf6 elementor-section-boxed elementor-section-height-default elementor-section-height-default\" data-id=\"13efcf6\" data-element_type=\"section\">\n\t\t\t\t\t\t<div class=\"elementor-container elementor-column-gap-default\">\n\t\t\t\t\t<div class=\"elementor-column elementor-col-100 elementor-top-column elementor-element elementor-element-61eddc9e\" data-id=\"61eddc9e\" data-element_type=\"column\">\n\t\t\t<div class=\"elementor-widget-wrap elementor-element-populated\">\n\t\t\t\t\t\t\t\t<div class=\"elementor-element elementor-element-4c61a5cf elementor-widget elementor-widget-spacer\" data-id=\"4c61a5cf\" data-element_type=\"widget\" data-widget_type=\"spacer.default\">\n\t\t\t\t<div class=\"elementor-widget-container\">\n\t\t\t<style>\/*! elementor - v3.14.0 - 26-06-2023 *\/\n.elementor-column .elementor-spacer-inner{height:var(--spacer-size)}.e-con{--container-widget-width:100%}.e-con-inner>.elementor-widget-spacer,.e-con>.elementor-widget-spacer{width:var(--container-widget-width,var(--spacer-size));--align-self:var(--container-widget-align-self,initial);--flex-shrink:0}.e-con-inner>.elementor-widget-spacer>.elementor-widget-container,.e-con-inner>.elementor-widget-spacer>.elementor-widget-container>.elementor-spacer,.e-con>.elementor-widget-spacer>.elementor-widget-container,.e-con>.elementor-widget-spacer>.elementor-widget-container>.elementor-spacer{height:100%}.e-con-inner>.elementor-widget-spacer>.elementor-widget-container>.elementor-spacer>.elementor-spacer-inner,.e-con>.elementor-widget-spacer>.elementor-widget-container>.elementor-spacer>.elementor-spacer-inner{height:var(--container-widget-height,var(--spacer-size))}<\/style>\t\t<div class=\"elementor-spacer\">\n\t\t\t<div class=\"elementor-spacer-inner\"><\/div>\n\t\t<\/div>\n\t\t\t\t<\/div>\n\t\t\t\t<\/div>\n\t\t\t\t<div class=\"elementor-element elementor-element-55c8011e elementor-widget elementor-widget-heading\" data-id=\"55c8011e\" data-element_type=\"widget\" data-widget_type=\"heading.default\">\n\t\t\t\t<div class=\"elementor-widget-container\">\n\t\t\t<style>\/*! elementor - v3.14.0 - 26-06-2023 *\/\n.elementor-heading-title{padding:0;margin:0;line-height:1}.elementor-widget-heading .elementor-heading-title[class*=elementor-size-]>a{color:inherit;font-size:inherit;line-height:inherit}.elementor-widget-heading .elementor-heading-title.elementor-size-small{font-size:15px}.elementor-widget-heading .elementor-heading-title.elementor-size-medium{font-size:19px}.elementor-widget-heading .elementor-heading-title.elementor-size-large{font-size:29px}.elementor-widget-heading .elementor-heading-title.elementor-size-xl{font-size:39px}.elementor-widget-heading .elementor-heading-title.elementor-size-xxl{font-size:59px}<\/style><h2 class=\"elementor-heading-title elementor-size-default\">PRZYK\u0141ADY NASZYCH REALIZACJI<\/h2>\t\t<\/div>\n\t\t\t\t<\/div>\n\t\t\t\t<div class=\"elementor-element elementor-element-1d214da2 elementor-widget elementor-widget-spacer\" data-id=\"1d214da2\" data-element_type=\"widget\" data-widget_type=\"spacer.default\">\n\t\t\t\t<div class=\"elementor-widget-container\">\n\t\t\t\t\t<div class=\"elementor-spacer\">\n\t\t\t<div class=\"elementor-spacer-inner\"><\/div>\n\t\t<\/div>\n\t\t\t\t<\/div>\n\t\t\t\t<\/div>\n\t\t\t\t<div class=\"elementor-element elementor-element-7fdf35bc elementor-widget elementor-widget-menu-anchor\" data-id=\"7fdf35bc\" data-element_type=\"widget\" data-widget_type=\"menu-anchor.default\">\n\t\t\t\t<div class=\"elementor-widget-container\">\n\t\t\t<style>\/*! elementor - v3.14.0 - 26-06-2023 *\/\nbody.elementor-page .elementor-widget-menu-anchor{margin-bottom:0}<\/style>\t\t<div id=\"kontakt\" class=\"elementor-menu-anchor\"><\/div>\n\t\t\t\t<\/div>\n\t\t\t\t<\/div>\n\t\t\t\t<div class=\"elementor-element elementor-element-7861cf58 elementor-align-center elementor-widget elementor-widget-button\" data-id=\"7861cf58\" data-element_type=\"widget\" data-widget_type=\"button.default\">\n\t\t\t\t<div class=\"elementor-widget-container\">\n\t\t\t\t\t<div class=\"elementor-button-wrapper\">\n\t\t\t<a class=\"elementor-button elementor-button-link elementor-size-md\" href=\"http:\/\/twojepompyciepla.pl\/index.php\/gallery\/\">\n\t\t\t\t\t\t<span class=\"elementor-button-content-wrapper\">\n\t\t\t\t\t\t<span class=\"elementor-button-text\">ZOBACZ WI\u0118CEJ REALIZACJI<\/span>\n\t\t<\/span>\n\t\t\t\t\t<\/a>\n\t\t<\/div>\n\t\t\t\t<\/div>\n\t\t\t\t<\/div>\n\t\t\t\t<div class=\"elementor-element elementor-element-64314e97 elementor-widget elementor-widget-spacer\" data-id=\"64314e97\" data-element_type=\"widget\" data-widget_type=\"spacer.default\">\n\t\t\t\t<div class=\"elementor-widget-container\">\n\t\t\t\t\t<div class=\"elementor-spacer\">\n\t\t\t<div class=\"elementor-spacer-inner\"><\/div>\n\t\t<\/div>\n\t\t\t\t<\/div>\n\t\t\t\t<\/div>\n\t\t\t\t<div class=\"elementor-element elementor-element-7813113a elementor-widget elementor-widget-heading\" data-id=\"7813113a\" data-element_type=\"widget\" data-widget_type=\"heading.default\">\n\t\t\t\t<div class=\"elementor-widget-container\">\n\t\t\t<h2 class=\"elementor-heading-title elementor-size-default\">UM\u00d3W SI\u0118 NA SERWIS<\/h2>\t\t<\/div>\n\t\t\t\t<\/div>\n\t\t\t\t<div class=\"elementor-element elementor-element-674ffdbf elementor-widget elementor-widget-spacer\" data-id=\"674ffdbf\" data-element_type=\"widget\" data-widget_type=\"spacer.default\">\n\t\t\t\t<div class=\"elementor-widget-container\">\n\t\t\t\t\t<div class=\"elementor-spacer\">\n\t\t\t<div class=\"elementor-spacer-inner\"><\/div>\n\t\t<\/div>\n\t\t\t\t<\/div>\n\t\t\t\t<\/div>\n\t\t\t\t\t<\/div>\n\t\t<\/div>\n\t\t\t\t\t\t\t<\/div>\n\t\t<\/section>\n\t\t\t\t<section class=\"elementor-section elementor-top-section elementor-element elementor-element-28bbfa elementor-section-boxed elementor-section-height-default elementor-section-height-default\" data-id=\"28bbfa\" data-element_type=\"section\">\n\t\t\t\t\t\t<div class=\"elementor-container elementor-column-gap-default\">\n\t\t\t\t\t<div class=\"elementor-column elementor-col-50 elementor-top-column elementor-element elementor-element-655db493\" data-id=\"655db493\" data-element_type=\"column\">\n\t\t\t<div class=\"elementor-widget-wrap elementor-element-populated\">\n\t\t\t\t\t\t\t\t<div class=\"elementor-element elementor-element-224a8147 elementor-widget elementor-widget-wpforms\" data-id=\"224a8147\" data-element_type=\"widget\" data-widget_type=\"wpforms.default\">\n\t\t\t\t<div class=\"elementor-widget-container\">\n\t\t\t<style id=\"wpforms-css-vars-root\">\n\t\t\t\t:root {\n\t\t\t\t\t--wpforms-field-border-radius: 3px;\n--wpforms-field-background-color: #ffffff;\n--wpforms-field-border-color: rgba( 0, 0, 0, 0.25 );\n--wpforms-field-text-color: rgba( 0, 0, 0, 0.7 );\n--wpforms-label-color: rgba( 0, 0, 0, 0.85 );\n--wpforms-label-sublabel-color: rgba( 0, 0, 0, 0.55 );\n--wpforms-label-error-color: #d63637;\n--wpforms-button-border-radius: 3px;\n--wpforms-button-background-color: #066aab;\n--wpforms-button-text-color: #ffffff;\n--wpforms-field-size-input-height: 43px;\n--wpforms-field-size-input-spacing: 15px;\n--wpforms-field-size-font-size: 16px;\n--wpforms-field-size-line-height: 19px;\n--wpforms-field-size-padding-h: 14px;\n--wpforms-field-size-checkbox-size: 16px;\n--wpforms-field-size-sublabel-spacing: 5px;\n--wpforms-field-size-icon-size: 1;\n--wpforms-label-size-font-size: 16px;\n--wpforms-label-size-line-height: 19px;\n--wpforms-label-size-sublabel-font-size: 14px;\n--wpforms-label-size-sublabel-line-height: 17px;\n--wpforms-button-size-font-size: 17px;\n--wpforms-button-size-height: 41px;\n--wpforms-button-size-padding-h: 15px;\n--wpforms-button-size-margin-top: 10px;\n\n\t\t\t\t}\n\t\t\t<\/style><div class=\"wpforms-container wpforms-container-full wpforms-render-modern\" id=\"wpforms-1533\"><form id=\"wpforms-form-1533\" class=\"wpforms-validate wpforms-form wpforms-ajax-form\" data-formid=\"1533\" method=\"post\" enctype=\"multipart\/form-data\" action=\"\/index.php\/wp-json\/wp\/v2\/pages\/26\" data-token=\"a5e280188e5e3ef59d215c709f55164d\"><noscript class=\"wpforms-error-noscript\">Please enable JavaScript in your browser to complete this form.<\/noscript><div class=\"wpforms-hidden\" id=\"wpforms-error-noscript\">Please enable JavaScript in your browser to complete this form.<\/div><div class=\"wpforms-field-container\"><div id=\"wpforms-1533-field_1-container\" class=\"wpforms-field wpforms-field-email\" data-field-id=\"1\"><label class=\"wpforms-field-label\" for=\"wpforms-1533-field_1\">E-mail <span class=\"wpforms-required-label\" aria-hidden=\"true\">*<\/span><\/label><input type=\"email\" id=\"wpforms-1533-field_1\" class=\"wpforms-field-medium wpforms-field-required\" name=\"wpforms[fields][1]\" spellcheck=\"false\" aria-errormessage=\"wpforms-1533-field_1-error\" required><\/div><div id=\"wpforms-1533-field_3-container\" class=\"wpforms-field wpforms-field-number\" data-field-id=\"3\"><label class=\"wpforms-field-label\" for=\"wpforms-1533-field_3\">Numer telefonu <span class=\"wpforms-required-label\" aria-hidden=\"true\">*<\/span><\/label><input type=\"number\" pattern=\"\\d*\" id=\"wpforms-1533-field_3\" class=\"wpforms-field-medium wpforms-field-required\" name=\"wpforms[fields][3]\" aria-errormessage=\"wpforms-1533-field_3-error\" required><\/div><div id=\"wpforms-1533-field_2-container\" class=\"wpforms-field wpforms-field-textarea\" data-field-id=\"2\"><label class=\"wpforms-field-label\" for=\"wpforms-1533-field_2\">Komentarz lub wiadomo\u015b\u0107<\/label><textarea id=\"wpforms-1533-field_2\" class=\"wpforms-field-small\" name=\"wpforms[fields][2]\" aria-errormessage=\"wpforms-1533-field_2-error\" ><\/textarea><\/div><div id=\"wpforms-1533-field_4-container\" class=\"wpforms-field wpforms-field-checkbox\" data-field-id=\"4\"><fieldset><legend class=\"wpforms-field-label\">RODO <span class=\"wpforms-required-label\" aria-hidden=\"true\">*<\/span><\/legend><ul id=\"wpforms-1533-field_4\" class=\"wpforms-field-required\"><li class=\"choice-1 depth-1\"><input type=\"checkbox\" id=\"wpforms-1533-field_4_1\" name=\"wpforms[fields][4][]\" value=\"Wyra\u017cam zgod\u0119 na kontakt telefoniczny  i\/lub mailowy ze strony Twoje Pompy Ciep\u0142a Ryszard \u015aliz w celu odpowiedzi na moje zg\u0142oszenie.\" aria-errormessage=\"wpforms-1533-field_4_1-error\" required ><label class=\"wpforms-field-label-inline\" for=\"wpforms-1533-field_4_1\">Wyra\u017cam zgod\u0119 na kontakt telefoniczny  i\/lub mailowy ze strony Twoje Pompy Ciep\u0142a Ryszard \u015aliz w celu odpowiedzi na moje zg\u0142oszenie.<\/label><\/li><\/ul><\/fieldset><\/div><\/div><!-- .wpforms-field-container --><div class=\"wpforms-submit-container\" ><input type=\"hidden\" name=\"wpforms[id]\" value=\"1533\"><input type=\"hidden\" name=\"wpforms[author]\" value=\"2\"><button type=\"submit\" name=\"wpforms[submit]\" id=\"wpforms-submit-1533\" class=\"wpforms-submit\" data-alt-text=\"Wysy\u0142anie...\" data-submit-text=\"Prze\u015blij\" aria-live=\"assertive\" value=\"wpforms-submit\">Prze\u015blij<\/button><img loading=\"lazy\" decoding=\"async\" src=\"https:\/\/twojepompyciepla.pl\/wp-content\/plugins\/wpforms-lite\/assets\/images\/submit-spin.svg\" class=\"wpforms-submit-spinner\" style=\"display: none;\" width=\"26\" height=\"26\" alt=\"Loading\"><\/div><\/form><\/div>  <!-- .wpforms-container -->\t\t<\/div>\n\t\t\t\t<\/div>\n\t\t\t\t\t<\/div>\n\t\t<\/div>\n\t\t\t\t<div class=\"elementor-column elementor-col-50 elementor-top-column elementor-element elementor-element-f7eaee1\" data-id=\"f7eaee1\" data-element_type=\"column\">\n\t\t\t<div class=\"elementor-widget-wrap elementor-element-populated\">\n\t\t\t\t\t\t\t\t<div class=\"elementor-element elementor-element-5021c2c9 elementor-widget elementor-widget-text-editor\" data-id=\"5021c2c9\" data-element_type=\"widget\" data-widget_type=\"text-editor.default\">\n\t\t\t\t<div class=\"elementor-widget-container\">\n\t\t\t\t\t\t\t<h4>\u00a0<\/h4><h4>WSP\u00d3\u0141PRACUJEMY Z OSOBAMI FIZYCZNYMI I FIRMAMI<\/h4><p>Postaraj si\u0119 w formularzu jak najbardziej precyzyjnie opisa\u0107 problem &#8211; nie zapomnij doda\u0107, jakiego urz\u0105dzenia dotyczy. Je\u015bli nie wiesz, napisz nam o tym.\u00a0<\/p><p>Je\u015bli b\u0119dziemy potrzebowali wi\u0119cej informacji, skontaktujemy si\u0119 z Tob\u0105 i dopytamy o szczeg\u00f3\u0142y \/ poprosimy o zdj\u0119cia, by by\u0107 dobrze przygotowani do serwisu w Twoim domu czy firmie.\u00a0<\/p><p>Mo\u017cesz te\u017c \u015bmia\u0142o do nas <a href=\"http:\/\/tel:0048530341354\">zadzwoni\u0107<\/a> lub napisa\u0107 wiadomo\u015b\u0107 <a href=\"mailto:biuro@twojepompyciepla.pl\">e-mail<\/a>.<\/p><div class=\"address-box\"><h3>\u00a0<\/h3><h3>Dane kontaktowe<\/h3><div class=\"address-contact\"><div class=\"address-content\">ul. Rozwojowa 20,<br \/>Stare Bosewo<br \/>07-210 D\u0142ugosiod\u0142o<\/div><\/div><div class=\"address-contact\"><div class=\"address-content\">\u00a0<\/div><div class=\"address-content\">518 533 695<\/div><div class=\"address-content\">530 341 354<\/div><\/div><div class=\"address-contact\"><div class=\"address-content\"><a href=\"mailto:biuro@twojepompyciepla.pl\">biuro@twojepompyciepla.pl<\/a><\/div><\/div><\/div>\t\t\t\t\t\t<\/div>\n\t\t\t\t<\/div>\n\t\t\t\t\t<\/div>\n\t\t<\/div>\n\t\t\t\t\t\t\t<\/div>\n\t\t<\/section>\n\t\t\t\t\t\t\t<\/div>\n\t\t","protected":false},"excerpt":{"rendered":"<p>Masz problem z pomp\u0105 ciep\u0142a lub klimatyzacj\u0105? Nie mo\u017cesz znale\u017a\u0107 firmy, kt\u00f3ra je naprawi? Zle\u0107 nam serwis!<\/p>\n","protected":false},"author":2,"featured_media":0,"parent":0,"menu_order":0,"comment_status":"closed","ping_status":"closed","template":"elementor_header_footer","meta":{"footnotes":""},"class_list":["post-26","page","type-page","status-publish","hentry"],"yoast_head":"<!-- This site is optimized with the Yoast SEO plugin v20.10 - https:\/\/yoast.com\/wordpress\/plugins\/seo\/ -->\n<title>Serwis - Twoje Pompy Ciep\u0142a<\/title>\n<meta name=\"robots\" content=\"index, follow, max-snippet:-1, max-image-preview:large, max-video-preview:-1\" \/>\n<link rel=\"canonical\" href=\"https:\/\/twojepompyciepla.pl\/index.php\/service-title-4\/\" \/>\n<meta property=\"og:locale\" content=\"en_US\" \/>\n<meta property=\"og:type\" content=\"article\" \/>\n<meta property=\"og:title\" content=\"Serwis - Twoje Pompy Ciep\u0142a\" \/>\n<meta property=\"og:description\" content=\"Masz problem z pomp\u0105 ciep\u0142a lub klimatyzacj\u0105? Nie mo\u017cesz znale\u017a\u0107 firmy, kt\u00f3ra je naprawi? Zle\u0107 nam serwis!\" \/>\n<meta property=\"og:url\" content=\"https:\/\/twojepompyciepla.pl\/index.php\/service-title-4\/\" \/>\n<meta property=\"og:site_name\" content=\"Twoje Pompy Ciep\u0142a\" \/>\n<meta property=\"article:modified_time\" content=\"2023-08-16T04:55:17+00:00\" \/>\n<meta property=\"og:image\" content=\"http:\/\/twojepompyciepla.pl\/wp-content\/uploads\/2023\/07\/Panasonic-WH-MDC07J3E5-Wiazowna-5-480x300.jpeg\" \/>\n<meta name=\"twitter:card\" content=\"summary_large_image\" \/>\n<meta name=\"twitter:label1\" content=\"Est. reading time\" \/>\n\t<meta name=\"twitter:data1\" content=\"2 minutes\" \/>\n<script type=\"application\/ld+json\" class=\"yoast-schema-graph\">{\"@context\":\"https:\/\/schema.org\",\"@graph\":[{\"@type\":\"WebPage\",\"@id\":\"https:\/\/twojepompyciepla.pl\/index.php\/service-title-4\/\",\"url\":\"https:\/\/twojepompyciepla.pl\/index.php\/service-title-4\/\",\"name\":\"Serwis - Twoje Pompy Ciep\u0142a\",\"isPartOf\":{\"@id\":\"https:\/\/twojepompyciepla.pl\/#website\"},\"datePublished\":\"2016-02-12T08:13:33+00:00\",\"dateModified\":\"2023-08-16T04:55:17+00:00\",\"breadcrumb\":{\"@id\":\"https:\/\/twojepompyciepla.pl\/index.php\/service-title-4\/#breadcrumb\"},\"inLanguage\":\"en-US\",\"potentialAction\":[{\"@type\":\"ReadAction\",\"target\":[\"https:\/\/twojepompyciepla.pl\/index.php\/service-title-4\/\"]}]},{\"@type\":\"BreadcrumbList\",\"@id\":\"https:\/\/twojepompyciepla.pl\/index.php\/service-title-4\/#breadcrumb\",\"itemListElement\":[{\"@type\":\"ListItem\",\"position\":1,\"name\":\"Home\",\"item\":\"https:\/\/twojepompyciepla.pl\/\"},{\"@type\":\"ListItem\",\"position\":2,\"name\":\"Serwis\"}]},{\"@type\":\"WebSite\",\"@id\":\"https:\/\/twojepompyciepla.pl\/#website\",\"url\":\"https:\/\/twojepompyciepla.pl\/\",\"name\":\"Twoje Pompy Ciep\u0142a\",\"description\":\"Sprzeda\u017c, serwis i monta\u017c pomp ciep\u0142a oraz urz\u0105dze\u0144 klimatyzacyjnych\",\"publisher\":{\"@id\":\"https:\/\/twojepompyciepla.pl\/#organization\"},\"potentialAction\":[{\"@type\":\"SearchAction\",\"target\":{\"@type\":\"EntryPoint\",\"urlTemplate\":\"https:\/\/twojepompyciepla.pl\/?s={search_term_string}\"},\"query-input\":\"required name=search_term_string\"}],\"inLanguage\":\"en-US\"},{\"@type\":\"Organization\",\"@id\":\"https:\/\/twojepompyciepla.pl\/#organization\",\"name\":\"Twoje Pompy Ciep\u0142a\",\"url\":\"https:\/\/twojepompyciepla.pl\/\",\"logo\":{\"@type\":\"ImageObject\",\"inLanguage\":\"en-US\",\"@id\":\"https:\/\/twojepompyciepla.pl\/#\/schema\/logo\/image\/\",\"url\":\"https:\/\/twojepompyciepla.pl\/wp-content\/uploads\/2023\/06\/cropped-M.A.-WOJTAS-3-2.png\",\"contentUrl\":\"https:\/\/twojepompyciepla.pl\/wp-content\/uploads\/2023\/06\/cropped-M.A.-WOJTAS-3-2.png\",\"width\":470,\"height\":105,\"caption\":\"Twoje Pompy Ciep\u0142a\"},\"image\":{\"@id\":\"https:\/\/twojepompyciepla.pl\/#\/schema\/logo\/image\/\"}}]}<\/script>\n<!-- \/ Yoast SEO plugin. -->","yoast_head_json":{"title":"Serwis - Twoje Pompy Ciep\u0142a","robots":{"index":"index","follow":"follow","max-snippet":"max-snippet:-1","max-image-preview":"max-image-preview:large","max-video-preview":"max-video-preview:-1"},"canonical":"https:\/\/twojepompyciepla.pl\/index.php\/service-title-4\/","og_locale":"en_US","og_type":"article","og_title":"Serwis - Twoje Pompy Ciep\u0142a","og_description":"Masz problem z pomp\u0105 ciep\u0142a lub klimatyzacj\u0105? Nie mo\u017cesz znale\u017a\u0107 firmy, kt\u00f3ra je naprawi? Zle\u0107 nam serwis!","og_url":"https:\/\/twojepompyciepla.pl\/index.php\/service-title-4\/","og_site_name":"Twoje Pompy Ciep\u0142a","article_modified_time":"2023-08-16T04:55:17+00:00","og_image":[{"url":"http:\/\/twojepompyciepla.pl\/wp-content\/uploads\/2023\/07\/Panasonic-WH-MDC07J3E5-Wiazowna-5-480x300.jpeg"}],"twitter_card":"summary_large_image","twitter_misc":{"Est. reading time":"2 minutes"},"schema":{"@context":"https:\/\/schema.org","@graph":[{"@type":"WebPage","@id":"https:\/\/twojepompyciepla.pl\/index.php\/service-title-4\/","url":"https:\/\/twojepompyciepla.pl\/index.php\/service-title-4\/","name":"Serwis - Twoje Pompy Ciep\u0142a","isPartOf":{"@id":"https:\/\/twojepompyciepla.pl\/#website"},"datePublished":"2016-02-12T08:13:33+00:00","dateModified":"2023-08-16T04:55:17+00:00","breadcrumb":{"@id":"https:\/\/twojepompyciepla.pl\/index.php\/service-title-4\/#breadcrumb"},"inLanguage":"en-US","potentialAction":[{"@type":"ReadAction","target":["https:\/\/twojepompyciepla.pl\/index.php\/service-title-4\/"]}]},{"@type":"BreadcrumbList","@id":"https:\/\/twojepompyciepla.pl\/index.php\/service-title-4\/#breadcrumb","itemListElement":[{"@type":"ListItem","position":1,"name":"Home","item":"https:\/\/twojepompyciepla.pl\/"},{"@type":"ListItem","position":2,"name":"Serwis"}]},{"@type":"WebSite","@id":"https:\/\/twojepompyciepla.pl\/#website","url":"https:\/\/twojepompyciepla.pl\/","name":"Twoje Pompy Ciep\u0142a","description":"Sprzeda\u017c, serwis i monta\u017c pomp ciep\u0142a oraz urz\u0105dze\u0144 klimatyzacyjnych","publisher":{"@id":"https:\/\/twojepompyciepla.pl\/#organization"},"potentialAction":[{"@type":"SearchAction","target":{"@type":"EntryPoint","urlTemplate":"https:\/\/twojepompyciepla.pl\/?s={search_term_string}"},"query-input":"required name=search_term_string"}],"inLanguage":"en-US"},{"@type":"Organization","@id":"https:\/\/twojepompyciepla.pl\/#organization","name":"Twoje Pompy Ciep\u0142a","url":"https:\/\/twojepompyciepla.pl\/","logo":{"@type":"ImageObject","inLanguage":"en-US","@id":"https:\/\/twojepompyciepla.pl\/#\/schema\/logo\/image\/","url":"https:\/\/twojepompyciepla.pl\/wp-content\/uploads\/2023\/06\/cropped-M.A.-WOJTAS-3-2.png","contentUrl":"https:\/\/twojepompyciepla.pl\/wp-content\/uploads\/2023\/06\/cropped-M.A.-WOJTAS-3-2.png","width":470,"height":105,"caption":"Twoje Pompy Ciep\u0142a"},"image":{"@id":"https:\/\/twojepompyciepla.pl\/#\/schema\/logo\/image\/"}}]}},"_links":{"self":[{"href":"https:\/\/twojepompyciepla.pl\/index.php\/wp-json\/wp\/v2\/pages\/26","targetHints":{"allow":["GET"]}}],"collection":[{"href":"https:\/\/twojepompyciepla.pl\/index.php\/wp-json\/wp\/v2\/pages"}],"about":[{"href":"https:\/\/twojepompyciepla.pl\/index.php\/wp-json\/wp\/v2\/types\/page"}],"author":[{"embeddable":true,"href":"https:\/\/twojepompyciepla.pl\/index.php\/wp-json\/wp\/v2\/users\/2"}],"replies":[{"embeddable":true,"href":"https:\/\/twojepompyciepla.pl\/index.php\/wp-json\/wp\/v2\/comments?post=26"}],"version-history":[{"count":15,"href":"https:\/\/twojepompyciepla.pl\/index.php\/wp-json\/wp\/v2\/pages\/26\/revisions"}],"predecessor-version":[{"id":1799,"href":"https:\/\/twojepompyciepla.pl\/index.php\/wp-json\/wp\/v2\/pages\/26\/revisions\/1799"}],"wp:attachment":[{"href":"https:\/\/twojepompyciepla.pl\/index.php\/wp-json\/wp\/v2\/media?parent=26"}],"curies":[{"name":"wp","href":"https:\/\/api.w.org\/{rel}","templated":true}]}}